{"id":1252,"date":"2024-04-21T20:28:22","date_gmt":"2024-04-22T01:28:22","guid":{"rendered":"https:\/\/amapolanature.site\/?post_type=product&#038;p=1252"},"modified":"2024-04-21T21:03:17","modified_gmt":"2024-04-22T02:03:17","slug":"jabon-de-hipopotamo","status":"publish","type":"product","link":"https:\/\/amapolanature.site\/index.php\/product\/jabon-de-hipopotamo\/","title":{"rendered":"Jab\u00f3n de Hipop\u00f3tamo"},"content":{"rendered":"<p>Nuestros jabones artesanos est\u00e1n elaborados s\u00f3lo con materia prima natural y todos los aceites utilizados son vegetales. No usamos ning\u00fan tipo de aceite mineral ni animal. Nuestra l\u00ednea de ni\u00f1os, un producto tratado con insumos de calidad, que protegen la piel de los ni\u00f1os.<\/p>\n","protected":false},"excerpt":{"rendered":"<p>L\u00ednea Kids Hipop\u00f3tamo, elaborado con aceite de coco, manteca Karit\u00e9, glicerina natural y extracto de Jojoba y Aloe. Brinda hidrataci\u00f3n y relajaci\u00f3n para los engre\u00eddos.<\/p>\n","protected":false},"featured_media":1254,"template":"","meta":{"site-sidebar-layout":"default","site-content-layout":"default","ast-main-header-display":"","ast-hfb-above-header-display":"","ast-hfb-below-header-display":"","ast-hfb-mobile-header-display":"","site-post-title":"","ast-breadcrumbs-content":"","ast-featured-img":"","footer-sml-layout":"","theme-transparent-header-meta":"default","adv-header-id-meta":"","stick-header-meta":"default","header-above-stick-meta":"","header-main-stick-meta":"","header-below-stick-meta":""},"product_cat":[36],"product_tag":[],"_links":{"self":[{"href":"https:\/\/amapolanature.site\/index.php\/wp-json\/wp\/v2\/product\/1252"}],"collection":[{"href":"https:\/\/amapolanature.site\/index.php\/wp-json\/wp\/v2\/product"}],"about":[{"href":"https:\/\/amapolanature.site\/index.php\/wp-json\/wp\/v2\/types\/product"}],"version-history":[{"count":4,"href":"https:\/\/amapolanature.site\/index.php\/wp-json\/wp\/v2\/product\/1252\/revisions"}],"predecessor-version":[{"id":1266,"href":"https:\/\/amapolanature.site\/index.php\/wp-json\/wp\/v2\/product\/1252\/revisions\/1266"}],"wp:featuredmedia":[{"embeddable":true,"href":"https:\/\/amapolanature.site\/index.php\/wp-json\/wp\/v2\/media\/1254"}],"wp:attachment":[{"href":"https:\/\/amapolanature.site\/index.php\/wp-json\/wp\/v2\/media?parent=1252"}],"wp:term":[{"taxonomy":"product_cat","embeddable":true,"href":"https:\/\/amapolanature.site\/index.php\/wp-json\/wp\/v2\/product_cat?post=1252"},{"taxonomy":"product_tag","embeddable":true,"href":"https:\/\/amapolanature.site\/index.php\/wp-json\/wp\/v2\/product_tag?post=1252"}],"curies":[{"name":"wp","href":"https:\/\/api.w.org\/{rel}","templated":true}]}}