{"id":1248,"date":"2024-04-21T20:13:15","date_gmt":"2024-04-22T01:13:15","guid":{"rendered":"https:\/\/amapolanature.site\/?post_type=product&#038;p=1248"},"modified":"2024-04-21T20:48:46","modified_gmt":"2024-04-22T01:48:46","slug":"exfoliante-de-fresas-y-crema-de-leche","status":"publish","type":"product","link":"https:\/\/amapolanature.site\/index.php\/product\/exfoliante-de-fresas-y-crema-de-leche\/","title":{"rendered":"Exfoliante de Fresas y Crema de Leche"},"content":{"rendered":"<p>Nuestros jabones artesanos est\u00e1n elaborados s\u00f3lo con materia prima natural y todos los aceites utilizados son vegetales.<\/p>\n","protected":false},"excerpt":{"rendered":"<p>Este jab\u00f3n exfoliante se ha dise\u00f1ado con una f\u00f3rmula vegana, utilizando un 99% de ingredientes de origen natural. Adem\u00e1s, est\u00e1 enriquecido con arcilla blanca y extracto de t\u00e9 verde.<\/p>\n","protected":false},"featured_media":1245,"template":"","meta":{"site-sidebar-layout":"default","site-content-layout":"default","ast-main-header-display":"","ast-hfb-above-header-display":"","ast-hfb-below-header-display":"","ast-hfb-mobile-header-display":"","site-post-title":"","ast-breadcrumbs-content":"","ast-featured-img":"","footer-sml-layout":"","theme-transparent-header-meta":"default","adv-header-id-meta":"","stick-header-meta":"default","header-above-stick-meta":"","header-main-stick-meta":"","header-below-stick-meta":""},"product_cat":[28],"product_tag":[],"_links":{"self":[{"href":"https:\/\/amapolanature.site\/index.php\/wp-json\/wp\/v2\/product\/1248"}],"collection":[{"href":"https:\/\/amapolanature.site\/index.php\/wp-json\/wp\/v2\/product"}],"about":[{"href":"https:\/\/amapolanature.site\/index.php\/wp-json\/wp\/v2\/types\/product"}],"version-history":[{"count":2,"href":"https:\/\/amapolanature.site\/index.php\/wp-json\/wp\/v2\/product\/1248\/revisions"}],"predecessor-version":[{"id":1275,"href":"https:\/\/amapolanature.site\/index.php\/wp-json\/wp\/v2\/product\/1248\/revisions\/1275"}],"wp:featuredmedia":[{"embeddable":true,"href":"https:\/\/amapolanature.site\/index.php\/wp-json\/wp\/v2\/media\/1245"}],"wp:attachment":[{"href":"https:\/\/amapolanature.site\/index.php\/wp-json\/wp\/v2\/media?parent=1248"}],"wp:term":[{"taxonomy":"product_cat","embeddable":true,"href":"https:\/\/amapolanature.site\/index.php\/wp-json\/wp\/v2\/product_cat?post=1248"},{"taxonomy":"product_tag","embeddable":true,"href":"https:\/\/amapolanature.site\/index.php\/wp-json\/wp\/v2\/product_tag?post=1248"}],"curies":[{"name":"wp","href":"https:\/\/api.w.org\/{rel}","templated":true}]}}