{"id":1243,"date":"2024-04-21T20:12:21","date_gmt":"2024-04-22T01:12:21","guid":{"rendered":"https:\/\/amapolanature.site\/?post_type=product&#038;p=1243"},"modified":"2024-04-21T20:56:48","modified_gmt":"2024-04-22T01:56:48","slug":"jabon-de-lavanda-y-romero","status":"publish","type":"product","link":"https:\/\/amapolanature.site\/index.php\/product\/jabon-de-lavanda-y-romero\/","title":{"rendered":"Jab\u00f3n de Lavanda y Romero"},"content":{"rendered":"<p>Nuestros jabones artesanos est\u00e1n elaborados s\u00f3lo con materia prima natural y todos los aceites utilizados son vegetales.<\/p>\n","protected":false},"excerpt":{"rendered":"<p>El jab\u00f3n artesanal de lavanda y romero est\u00e1 hecho con semilla y extracto de uva natural que contiene poderosas propiedades antioxidantes, es exfoliante y ayuda a eliminar las c\u00e9lulas muertas de la piel. Su mezcla de aromas de romero y lavanda proporcionan un efecto relajante a la hora del ba\u00f1o. Libre de parabenos, aceites minerales y hecho a mano en un proceso en fr\u00edo para conservar mejor las propiedades de sus ingredientes naturales.<\/p>\n","protected":false},"featured_media":1244,"template":"","meta":{"site-sidebar-layout":"default","site-content-layout":"default","ast-main-header-display":"","ast-hfb-above-header-display":"","ast-hfb-below-header-display":"","ast-hfb-mobile-header-display":"","site-post-title":"","ast-breadcrumbs-content":"","ast-featured-img":"","footer-sml-layout":"","theme-transparent-header-meta":"default","adv-header-id-meta":"","stick-header-meta":"default","header-above-stick-meta":"","header-main-stick-meta":"","header-below-stick-meta":""},"product_cat":[28],"product_tag":[],"_links":{"self":[{"href":"https:\/\/amapolanature.site\/index.php\/wp-json\/wp\/v2\/product\/1243"}],"collection":[{"href":"https:\/\/amapolanature.site\/index.php\/wp-json\/wp\/v2\/product"}],"about":[{"href":"https:\/\/amapolanature.site\/index.php\/wp-json\/wp\/v2\/types\/product"}],"version-history":[{"count":2,"href":"https:\/\/amapolanature.site\/index.php\/wp-json\/wp\/v2\/product\/1243\/revisions"}],"predecessor-version":[{"id":1281,"href":"https:\/\/amapolanature.site\/index.php\/wp-json\/wp\/v2\/product\/1243\/revisions\/1281"}],"wp:featuredmedia":[{"embeddable":true,"href":"https:\/\/amapolanature.site\/index.php\/wp-json\/wp\/v2\/media\/1244"}],"wp:attachment":[{"href":"https:\/\/amapolanature.site\/index.php\/wp-json\/wp\/v2\/media?parent=1243"}],"wp:term":[{"taxonomy":"product_cat","embeddable":true,"href":"https:\/\/amapolanature.site\/index.php\/wp-json\/wp\/v2\/product_cat?post=1243"},{"taxonomy":"product_tag","embeddable":true,"href":"https:\/\/amapolanature.site\/index.php\/wp-json\/wp\/v2\/product_tag?post=1243"}],"curies":[{"name":"wp","href":"https:\/\/api.w.org\/{rel}","templated":true}]}}