{"id":1240,"date":"2024-04-21T20:11:07","date_gmt":"2024-04-22T01:11:07","guid":{"rendered":"https:\/\/amapolanature.site\/?post_type=product&#038;p=1240"},"modified":"2024-04-21T20:49:18","modified_gmt":"2024-04-22T01:49:18","slug":"jabon-de-chocolate-y-aceite-de-oliva","status":"publish","type":"product","link":"https:\/\/amapolanature.site\/index.php\/product\/jabon-de-chocolate-y-aceite-de-oliva\/","title":{"rendered":"Jab\u00f3n de Chocolate y Aceite de Oliva"},"content":{"rendered":"<p>Nuestros jabones artesanos est\u00e1n elaborados s\u00f3lo con materia prima natural y todos los aceites utilizados son vegetales.<\/p>\n","protected":false},"excerpt":{"rendered":"<p>El jab\u00f3n artesanal de chocolate, tiene una gran capacidad de hidratar nuestra piel y regenerarla, debido a que contiene aceite de oliva y coco que junto con el extracto de cacao es ideal para hidratar pieles secas. Perfecto para combatir el envejecimiento celular y reafirmar la piel.<\/p>\n","protected":false},"featured_media":1238,"template":"","meta":{"site-sidebar-layout":"default","site-content-layout":"default","ast-main-header-display":"","ast-hfb-above-header-display":"","ast-hfb-below-header-display":"","ast-hfb-mobile-header-display":"","site-post-title":"","ast-breadcrumbs-content":"","ast-featured-img":"","footer-sml-layout":"","theme-transparent-header-meta":"default","adv-header-id-meta":"","stick-header-meta":"default","header-above-stick-meta":"","header-main-stick-meta":"","header-below-stick-meta":""},"product_cat":[28],"product_tag":[],"_links":{"self":[{"href":"https:\/\/amapolanature.site\/index.php\/wp-json\/wp\/v2\/product\/1240"}],"collection":[{"href":"https:\/\/amapolanature.site\/index.php\/wp-json\/wp\/v2\/product"}],"about":[{"href":"https:\/\/amapolanature.site\/index.php\/wp-json\/wp\/v2\/types\/product"}],"version-history":[{"count":2,"href":"https:\/\/amapolanature.site\/index.php\/wp-json\/wp\/v2\/product\/1240\/revisions"}],"predecessor-version":[{"id":1278,"href":"https:\/\/amapolanature.site\/index.php\/wp-json\/wp\/v2\/product\/1240\/revisions\/1278"}],"wp:featuredmedia":[{"embeddable":true,"href":"https:\/\/amapolanature.site\/index.php\/wp-json\/wp\/v2\/media\/1238"}],"wp:attachment":[{"href":"https:\/\/amapolanature.site\/index.php\/wp-json\/wp\/v2\/media?parent=1240"}],"wp:term":[{"taxonomy":"product_cat","embeddable":true,"href":"https:\/\/amapolanature.site\/index.php\/wp-json\/wp\/v2\/product_cat?post=1240"},{"taxonomy":"product_tag","embeddable":true,"href":"https:\/\/amapolanature.site\/index.php\/wp-json\/wp\/v2\/product_tag?post=1240"}],"curies":[{"name":"wp","href":"https:\/\/api.w.org\/{rel}","templated":true}]}}