{"id":1233,"date":"2024-04-21T20:08:09","date_gmt":"2024-04-22T01:08:09","guid":{"rendered":"https:\/\/amapolanature.site\/?post_type=product&#038;p=1233"},"modified":"2024-04-21T20:48:50","modified_gmt":"2024-04-22T01:48:50","slug":"exfoliante-de-crema-de-rosa-mosqueta","status":"publish","type":"product","link":"https:\/\/amapolanature.site\/index.php\/product\/exfoliante-de-crema-de-rosa-mosqueta\/","title":{"rendered":"Exfoliante de Crema de Rosa Mosqueta"},"content":{"rendered":"<p>Nuestros jabones artesanos est\u00e1n elaborados s\u00f3lo con materia prima natural y todos los aceites utilizados son vegetales.<\/p>\n","protected":false},"excerpt":{"rendered":"<p>Este limpiador facial de aceite vegetal de rosa mosqueta ayuda a reducir las cicatrices, as\u00ed como los puntos negros y el acn\u00e9. Adem\u00e1s, es apto para todas las pieles, incluso las m\u00e1s sensibles.<\/p>\n","protected":false},"featured_media":1234,"template":"","meta":{"site-sidebar-layout":"default","site-content-layout":"default","ast-main-header-display":"","ast-hfb-above-header-display":"","ast-hfb-below-header-display":"","ast-hfb-mobile-header-display":"","site-post-title":"","ast-breadcrumbs-content":"","ast-featured-img":"","footer-sml-layout":"","theme-transparent-header-meta":"default","adv-header-id-meta":"","stick-header-meta":"default","header-above-stick-meta":"","header-main-stick-meta":"","header-below-stick-meta":""},"product_cat":[28],"product_tag":[],"_links":{"self":[{"href":"https:\/\/amapolanature.site\/index.php\/wp-json\/wp\/v2\/product\/1233"}],"collection":[{"href":"https:\/\/amapolanature.site\/index.php\/wp-json\/wp\/v2\/product"}],"about":[{"href":"https:\/\/amapolanature.site\/index.php\/wp-json\/wp\/v2\/types\/product"}],"version-history":[{"count":2,"href":"https:\/\/amapolanature.site\/index.php\/wp-json\/wp\/v2\/product\/1233\/revisions"}],"predecessor-version":[{"id":1276,"href":"https:\/\/amapolanature.site\/index.php\/wp-json\/wp\/v2\/product\/1233\/revisions\/1276"}],"wp:featuredmedia":[{"embeddable":true,"href":"https:\/\/amapolanature.site\/index.php\/wp-json\/wp\/v2\/media\/1234"}],"wp:attachment":[{"href":"https:\/\/amapolanature.site\/index.php\/wp-json\/wp\/v2\/media?parent=1233"}],"wp:term":[{"taxonomy":"product_cat","embeddable":true,"href":"https:\/\/amapolanature.site\/index.php\/wp-json\/wp\/v2\/product_cat?post=1233"},{"taxonomy":"product_tag","embeddable":true,"href":"https:\/\/amapolanature.site\/index.php\/wp-json\/wp\/v2\/product_tag?post=1233"}],"curies":[{"name":"wp","href":"https:\/\/api.w.org\/{rel}","templated":true}]}}