{"id":1230,"date":"2024-04-21T20:07:05","date_gmt":"2024-04-22T01:07:05","guid":{"rendered":"https:\/\/amapolanature.site\/?post_type=product&#038;p=1230"},"modified":"2024-04-21T20:48:43","modified_gmt":"2024-04-22T01:48:43","slug":"jabon-de-arroz-y-romero","status":"publish","type":"product","link":"https:\/\/amapolanature.site\/index.php\/product\/jabon-de-arroz-y-romero\/","title":{"rendered":"Jab\u00f3n de Arroz y Romero"},"content":{"rendered":"<p>Nuestros jabones artesanos est\u00e1n elaborados s\u00f3lo con materia prima natural y todos los aceites utilizados son vegetales.<\/p>\n","protected":false},"excerpt":{"rendered":"<p>Romero: buen aliado para pieles mixtas y grasas con tendencia acn\u00e9ica e impurezas. Es astringente, regula la secreci\u00f3n seb\u00e1cea y restaura el tono de la piel. Posee antioxidantes que contribuyen a disminuir la aparici\u00f3n de brotes de acn\u00e9 y que ayudan a la restauraci\u00f3n de la piel. Posee un refrescante aroma.<\/p>\n<p>Arroz: presente como fino polvo de arroz. Le aporta una textura que permite una exfoliaci\u00f3n mec\u00e1nica suave de la piel, eliminando impurezas y c\u00e9lulas muertas, logrando una piel suave uniforme e iluminada.<\/p>\n","protected":false},"featured_media":1231,"template":"","meta":{"site-sidebar-layout":"default","site-content-layout":"default","ast-main-header-display":"","ast-hfb-above-header-display":"","ast-hfb-below-header-display":"","ast-hfb-mobile-header-display":"","site-post-title":"","ast-breadcrumbs-content":"","ast-featured-img":"","footer-sml-layout":"","theme-transparent-header-meta":"default","adv-header-id-meta":"","stick-header-meta":"default","header-above-stick-meta":"","header-main-stick-meta":"","header-below-stick-meta":""},"product_cat":[28],"product_tag":[],"_links":{"self":[{"href":"https:\/\/amapolanature.site\/index.php\/wp-json\/wp\/v2\/product\/1230"}],"collection":[{"href":"https:\/\/amapolanature.site\/index.php\/wp-json\/wp\/v2\/product"}],"about":[{"href":"https:\/\/amapolanature.site\/index.php\/wp-json\/wp\/v2\/types\/product"}],"version-history":[{"count":2,"href":"https:\/\/amapolanature.site\/index.php\/wp-json\/wp\/v2\/product\/1230\/revisions"}],"predecessor-version":[{"id":1274,"href":"https:\/\/amapolanature.site\/index.php\/wp-json\/wp\/v2\/product\/1230\/revisions\/1274"}],"wp:featuredmedia":[{"embeddable":true,"href":"https:\/\/amapolanature.site\/index.php\/wp-json\/wp\/v2\/media\/1231"}],"wp:attachment":[{"href":"https:\/\/amapolanature.site\/index.php\/wp-json\/wp\/v2\/media?parent=1230"}],"wp:term":[{"taxonomy":"product_cat","embeddable":true,"href":"https:\/\/amapolanature.site\/index.php\/wp-json\/wp\/v2\/product_cat?post=1230"},{"taxonomy":"product_tag","embeddable":true,"href":"https:\/\/amapolanature.site\/index.php\/wp-json\/wp\/v2\/product_tag?post=1230"}],"curies":[{"name":"wp","href":"https:\/\/api.w.org\/{rel}","templated":true}]}}