{"id":1228,"date":"2024-04-21T20:05:36","date_gmt":"2024-04-22T01:05:36","guid":{"rendered":"https:\/\/amapolanature.site\/?post_type=product&#038;p=1228"},"modified":"2024-04-21T20:51:05","modified_gmt":"2024-04-22T01:51:05","slug":"jabon-de-miel-y-aceite-de-oliva-extra-virgen","status":"publish","type":"product","link":"https:\/\/amapolanature.site\/index.php\/product\/jabon-de-miel-y-aceite-de-oliva-extra-virgen\/","title":{"rendered":"Jab\u00f3n de Miel y Aceite de Oliva Extra Virgen"},"content":{"rendered":"<p>Nuestros jabones artesanos est\u00e1n elaborados s\u00f3lo con materia prima natural y todos los aceites utilizados son vegetales.<\/p>\n","protected":false},"excerpt":{"rendered":"<p>Este jab\u00f3n artesanal est\u00e1 elaborado con Aceite de Oliva Virgen Extra, Miel y Prop\u00f3leo es ideal para desinfectar la piel. Contiene propiedades antibi\u00f3ticas. El Aceite de Oliva Virgen Extra hidrata y nutre la piel. A su vez, la Miel previene la sequedad y la hidrata profundamente. Adem\u00e1s, el Prop\u00f3leo es antis\u00e9ptico, suavizante y nutritivo, aportando vitaminas y minerales a la piel.<\/p>\n","protected":false},"featured_media":1213,"template":"","meta":{"site-sidebar-layout":"default","site-content-layout":"default","ast-main-header-display":"","ast-hfb-above-header-display":"","ast-hfb-below-header-display":"","ast-hfb-mobile-header-display":"","site-post-title":"","ast-breadcrumbs-content":"","ast-featured-img":"","footer-sml-layout":"","theme-transparent-header-meta":"default","adv-header-id-meta":"","stick-header-meta":"default","header-above-stick-meta":"","header-main-stick-meta":"","header-below-stick-meta":""},"product_cat":[28],"product_tag":[],"_links":{"self":[{"href":"https:\/\/amapolanature.site\/index.php\/wp-json\/wp\/v2\/product\/1228"}],"collection":[{"href":"https:\/\/amapolanature.site\/index.php\/wp-json\/wp\/v2\/product"}],"about":[{"href":"https:\/\/amapolanature.site\/index.php\/wp-json\/wp\/v2\/types\/product"}],"version-history":[{"count":2,"href":"https:\/\/amapolanature.site\/index.php\/wp-json\/wp\/v2\/product\/1228\/revisions"}],"predecessor-version":[{"id":1280,"href":"https:\/\/amapolanature.site\/index.php\/wp-json\/wp\/v2\/product\/1228\/revisions\/1280"}],"wp:featuredmedia":[{"embeddable":true,"href":"https:\/\/amapolanature.site\/index.php\/wp-json\/wp\/v2\/media\/1213"}],"wp:attachment":[{"href":"https:\/\/amapolanature.site\/index.php\/wp-json\/wp\/v2\/media?parent=1228"}],"wp:term":[{"taxonomy":"product_cat","embeddable":true,"href":"https:\/\/amapolanature.site\/index.php\/wp-json\/wp\/v2\/product_cat?post=1228"},{"taxonomy":"product_tag","embeddable":true,"href":"https:\/\/amapolanature.site\/index.php\/wp-json\/wp\/v2\/product_tag?post=1228"}],"curies":[{"name":"wp","href":"https:\/\/api.w.org\/{rel}","templated":true}]}}