{"id":1226,"date":"2024-04-21T20:04:34","date_gmt":"2024-04-22T01:04:34","guid":{"rendered":"https:\/\/amapolanature.site\/?post_type=product&#038;p=1226"},"modified":"2024-04-21T20:50:56","modified_gmt":"2024-04-22T01:50:56","slug":"jabon-de-colageno","status":"publish","type":"product","link":"https:\/\/amapolanature.site\/index.php\/product\/jabon-de-colageno\/","title":{"rendered":"Jab\u00f3n de Col\u00e1geno"},"content":{"rendered":"<p>Nuestros jabones artesanos est\u00e1n elaborados s\u00f3lo con materia prima natural y todos los aceites utilizados son vegetales.<\/p>\n","protected":false},"excerpt":{"rendered":"<p>El jab\u00f3n de col\u00e1geno tiene muchos beneficios: Restaura la humedad de la piel para dejar la cara suave e hidratada. Rellenar l\u00edneas finas y arrugas. Hidrata intensamente eliminando la sequedad.<\/p>\n","protected":false},"featured_media":1211,"template":"","meta":{"site-sidebar-layout":"default","site-content-layout":"default","ast-main-header-display":"","ast-hfb-above-header-display":"","ast-hfb-below-header-display":"","ast-hfb-mobile-header-display":"","site-post-title":"","ast-breadcrumbs-content":"","ast-featured-img":"","footer-sml-layout":"","theme-transparent-header-meta":"default","adv-header-id-meta":"","stick-header-meta":"default","header-above-stick-meta":"","header-main-stick-meta":"","header-below-stick-meta":""},"product_cat":[28],"product_tag":[],"_links":{"self":[{"href":"https:\/\/amapolanature.site\/index.php\/wp-json\/wp\/v2\/product\/1226"}],"collection":[{"href":"https:\/\/amapolanature.site\/index.php\/wp-json\/wp\/v2\/product"}],"about":[{"href":"https:\/\/amapolanature.site\/index.php\/wp-json\/wp\/v2\/types\/product"}],"version-history":[{"count":2,"href":"https:\/\/amapolanature.site\/index.php\/wp-json\/wp\/v2\/product\/1226\/revisions"}],"predecessor-version":[{"id":1279,"href":"https:\/\/amapolanature.site\/index.php\/wp-json\/wp\/v2\/product\/1226\/revisions\/1279"}],"wp:featuredmedia":[{"embeddable":true,"href":"https:\/\/amapolanature.site\/index.php\/wp-json\/wp\/v2\/media\/1211"}],"wp:attachment":[{"href":"https:\/\/amapolanature.site\/index.php\/wp-json\/wp\/v2\/media?parent=1226"}],"wp:term":[{"taxonomy":"product_cat","embeddable":true,"href":"https:\/\/amapolanature.site\/index.php\/wp-json\/wp\/v2\/product_cat?post=1226"},{"taxonomy":"product_tag","embeddable":true,"href":"https:\/\/amapolanature.site\/index.php\/wp-json\/wp\/v2\/product_tag?post=1226"}],"curies":[{"name":"wp","href":"https:\/\/api.w.org\/{rel}","templated":true}]}}