{"id":1220,"date":"2024-04-21T20:01:11","date_gmt":"2024-04-22T01:01:11","guid":{"rendered":"https:\/\/amapolanature.site\/?post_type=product&#038;p=1220"},"modified":"2024-04-21T20:48:16","modified_gmt":"2024-04-22T01:48:16","slug":"aceite-de-rosas","status":"publish","type":"product","link":"https:\/\/amapolanature.site\/index.php\/product\/aceite-de-rosas\/","title":{"rendered":"Aceite de Rosas"},"content":{"rendered":"<p>Nuestros jabones artesanos est\u00e1n elaborados s\u00f3lo con materia prima natural y todos los aceites utilizados son vegetales.<\/p>\n","protected":false},"excerpt":{"rendered":"<p>Vitaliza todo tu cuerpo con nuestro jab\u00f3n artesanal 100% natural, definitivamente este jab\u00f3n ser\u00e1 el preferido por toda la familia. Posee un rico aroma digno de un producto hecho con ingredientes naturales de calidad y realmente libre de qu\u00edmicos, es bastante suave, cremoso y hace bastante espuma.<\/p>\n","protected":false},"featured_media":1209,"template":"","meta":{"site-sidebar-layout":"default","site-content-layout":"default","ast-main-header-display":"","ast-hfb-above-header-display":"","ast-hfb-below-header-display":"","ast-hfb-mobile-header-display":"","site-post-title":"","ast-breadcrumbs-content":"","ast-featured-img":"","footer-sml-layout":"","theme-transparent-header-meta":"default","adv-header-id-meta":"","stick-header-meta":"default","header-above-stick-meta":"","header-main-stick-meta":"","header-below-stick-meta":""},"product_cat":[28],"product_tag":[],"_links":{"self":[{"href":"https:\/\/amapolanature.site\/index.php\/wp-json\/wp\/v2\/product\/1220"}],"collection":[{"href":"https:\/\/amapolanature.site\/index.php\/wp-json\/wp\/v2\/product"}],"about":[{"href":"https:\/\/amapolanature.site\/index.php\/wp-json\/wp\/v2\/types\/product"}],"version-history":[{"count":2,"href":"https:\/\/amapolanature.site\/index.php\/wp-json\/wp\/v2\/product\/1220\/revisions"}],"predecessor-version":[{"id":1273,"href":"https:\/\/amapolanature.site\/index.php\/wp-json\/wp\/v2\/product\/1220\/revisions\/1273"}],"wp:featuredmedia":[{"embeddable":true,"href":"https:\/\/amapolanature.site\/index.php\/wp-json\/wp\/v2\/media\/1209"}],"wp:attachment":[{"href":"https:\/\/amapolanature.site\/index.php\/wp-json\/wp\/v2\/media?parent=1220"}],"wp:term":[{"taxonomy":"product_cat","embeddable":true,"href":"https:\/\/amapolanature.site\/index.php\/wp-json\/wp\/v2\/product_cat?post=1220"},{"taxonomy":"product_tag","embeddable":true,"href":"https:\/\/amapolanature.site\/index.php\/wp-json\/wp\/v2\/product_tag?post=1220"}],"curies":[{"name":"wp","href":"https:\/\/api.w.org\/{rel}","templated":true}]}}