{"id":1218,"date":"2024-04-21T19:59:53","date_gmt":"2024-04-22T00:59:53","guid":{"rendered":"https:\/\/amapolanature.site\/?post_type=product&#038;p=1218"},"modified":"2024-04-21T20:48:53","modified_gmt":"2024-04-22T01:48:53","slug":"exfoliante-de-aceite-de-malva-y-crema-de-rosas","status":"publish","type":"product","link":"https:\/\/amapolanature.site\/index.php\/product\/exfoliante-de-aceite-de-malva-y-crema-de-rosas\/","title":{"rendered":"Exfoliante de Aceite de Malva y Crema de Rosas"},"content":{"rendered":"<p>Nuestros jabones artesanos est\u00e1n elaborados s\u00f3lo con materia prima natural y todos los aceites utilizados son vegetales.<\/p>\n","protected":false},"excerpt":{"rendered":"<p>El Aceite de Malva aporta propiedades protectoras con muy buenos resultados en casos de ros\u00e1cea, for\u00fanculos, eccemas, y picaduras, se puede usar em pieles, secas, da\u00f1adas y sensibles<\/p>\n","protected":false},"featured_media":1208,"template":"","meta":{"site-sidebar-layout":"default","site-content-layout":"default","ast-main-header-display":"","ast-hfb-above-header-display":"","ast-hfb-below-header-display":"","ast-hfb-mobile-header-display":"","site-post-title":"","ast-breadcrumbs-content":"","ast-featured-img":"","footer-sml-layout":"","theme-transparent-header-meta":"default","adv-header-id-meta":"","stick-header-meta":"default","header-above-stick-meta":"","header-main-stick-meta":"","header-below-stick-meta":""},"product_cat":[28],"product_tag":[],"_links":{"self":[{"href":"https:\/\/amapolanature.site\/index.php\/wp-json\/wp\/v2\/product\/1218"}],"collection":[{"href":"https:\/\/amapolanature.site\/index.php\/wp-json\/wp\/v2\/product"}],"about":[{"href":"https:\/\/amapolanature.site\/index.php\/wp-json\/wp\/v2\/types\/product"}],"version-history":[{"count":2,"href":"https:\/\/amapolanature.site\/index.php\/wp-json\/wp\/v2\/product\/1218\/revisions"}],"predecessor-version":[{"id":1277,"href":"https:\/\/amapolanature.site\/index.php\/wp-json\/wp\/v2\/product\/1218\/revisions\/1277"}],"wp:featuredmedia":[{"embeddable":true,"href":"https:\/\/amapolanature.site\/index.php\/wp-json\/wp\/v2\/media\/1208"}],"wp:attachment":[{"href":"https:\/\/amapolanature.site\/index.php\/wp-json\/wp\/v2\/media?parent=1218"}],"wp:term":[{"taxonomy":"product_cat","embeddable":true,"href":"https:\/\/amapolanature.site\/index.php\/wp-json\/wp\/v2\/product_cat?post=1218"},{"taxonomy":"product_tag","embeddable":true,"href":"https:\/\/amapolanature.site\/index.php\/wp-json\/wp\/v2\/product_tag?post=1218"}],"curies":[{"name":"wp","href":"https:\/\/api.w.org\/{rel}","templated":true}]}}