{"id":1214,"date":"2024-04-21T19:55:21","date_gmt":"2024-04-22T00:55:21","guid":{"rendered":"https:\/\/amapolanature.site\/?post_type=product&#038;p=1214"},"modified":"2024-04-21T20:54:39","modified_gmt":"2024-04-22T01:54:39","slug":"lucuma-y-miel","status":"publish","type":"product","link":"https:\/\/amapolanature.site\/index.php\/product\/lucuma-y-miel\/","title":{"rendered":"L\u00facuma y Miel"},"content":{"rendered":"<p>Nuestros jabones artesanos est\u00e1n elaborados s\u00f3lo con materia prima natural y todos los aceites utilizados son vegetales.<\/p>\n","protected":false},"excerpt":{"rendered":"<p>La L\u00facuma es antiinflamatoria, reparadora, acelera la cicatrizaci\u00f3n de los tejidos, aporta zinc un mineral muy importante para la piel, ya que mejora el acn\u00e9 y los problemas cut\u00e1neos, se puede aplicar en todo tipo de piel, ya que la fusi\u00f3n con la miel, genera una sensaci\u00f3n de suavidad.<\/p>\n","protected":false},"featured_media":1206,"template":"","meta":{"site-sidebar-layout":"default","site-content-layout":"default","ast-main-header-display":"","ast-hfb-above-header-display":"","ast-hfb-below-header-display":"","ast-hfb-mobile-header-display":"","site-post-title":"","ast-breadcrumbs-content":"","ast-featured-img":"","footer-sml-layout":"","theme-transparent-header-meta":"default","adv-header-id-meta":"","stick-header-meta":"default","header-above-stick-meta":"","header-main-stick-meta":"","header-below-stick-meta":""},"product_cat":[28],"product_tag":[],"_links":{"self":[{"href":"https:\/\/amapolanature.site\/index.php\/wp-json\/wp\/v2\/product\/1214"}],"collection":[{"href":"https:\/\/amapolanature.site\/index.php\/wp-json\/wp\/v2\/product"}],"about":[{"href":"https:\/\/amapolanature.site\/index.php\/wp-json\/wp\/v2\/types\/product"}],"version-history":[{"count":2,"href":"https:\/\/amapolanature.site\/index.php\/wp-json\/wp\/v2\/product\/1214\/revisions"}],"predecessor-version":[{"id":1284,"href":"https:\/\/amapolanature.site\/index.php\/wp-json\/wp\/v2\/product\/1214\/revisions\/1284"}],"wp:featuredmedia":[{"embeddable":true,"href":"https:\/\/amapolanature.site\/index.php\/wp-json\/wp\/v2\/media\/1206"}],"wp:attachment":[{"href":"https:\/\/amapolanature.site\/index.php\/wp-json\/wp\/v2\/media?parent=1214"}],"wp:term":[{"taxonomy":"product_cat","embeddable":true,"href":"https:\/\/amapolanature.site\/index.php\/wp-json\/wp\/v2\/product_cat?post=1214"},{"taxonomy":"product_tag","embeddable":true,"href":"https:\/\/amapolanature.site\/index.php\/wp-json\/wp\/v2\/product_tag?post=1214"}],"curies":[{"name":"wp","href":"https:\/\/api.w.org\/{rel}","templated":true}]}}