{"id":1204,"date":"2024-04-21T19:54:28","date_gmt":"2024-04-22T00:54:28","guid":{"rendered":"https:\/\/amapolanature.site\/?post_type=product&#038;p=1204"},"modified":"2024-04-21T20:48:07","modified_gmt":"2024-04-22T01:48:07","slug":"curcuma-y-flor-de-calendulas","status":"publish","type":"product","link":"https:\/\/amapolanature.site\/index.php\/product\/curcuma-y-flor-de-calendulas\/","title":{"rendered":"C\u00farcuma y Flor de Cal\u00e9ndulas"},"content":{"rendered":"<p>Nuestros jabones artesanos est\u00e1n elaborados s\u00f3lo con materia prima natural y todos los aceites utilizados son vegetales.<\/p>\n","protected":false},"excerpt":{"rendered":"<p>Limpian y balancean la composici\u00f3n de sebo cut\u00e1neo. Brindan una potente cantidad de Vitaminas y Antioxidantes a la piel. Su contenido de Aceites Esenciales brinda todas las propiedades de las plantas, adem\u00e1s de un maravilloso Aroma.<\/p>\n","protected":false},"featured_media":1205,"template":"","meta":{"site-sidebar-layout":"default","site-content-layout":"default","ast-main-header-display":"","ast-hfb-above-header-display":"","ast-hfb-below-header-display":"","ast-hfb-mobile-header-display":"","site-post-title":"","ast-breadcrumbs-content":"","ast-featured-img":"","footer-sml-layout":"","theme-transparent-header-meta":"default","adv-header-id-meta":"","stick-header-meta":"default","header-above-stick-meta":"","header-main-stick-meta":"","header-below-stick-meta":""},"product_cat":[28],"product_tag":[],"_links":{"self":[{"href":"https:\/\/amapolanature.site\/index.php\/wp-json\/wp\/v2\/product\/1204"}],"collection":[{"href":"https:\/\/amapolanature.site\/index.php\/wp-json\/wp\/v2\/product"}],"about":[{"href":"https:\/\/amapolanature.site\/index.php\/wp-json\/wp\/v2\/types\/product"}],"version-history":[{"count":3,"href":"https:\/\/amapolanature.site\/index.php\/wp-json\/wp\/v2\/product\/1204\/revisions"}],"predecessor-version":[{"id":1270,"href":"https:\/\/amapolanature.site\/index.php\/wp-json\/wp\/v2\/product\/1204\/revisions\/1270"}],"wp:featuredmedia":[{"embeddable":true,"href":"https:\/\/amapolanature.site\/index.php\/wp-json\/wp\/v2\/media\/1205"}],"wp:attachment":[{"href":"https:\/\/amapolanature.site\/index.php\/wp-json\/wp\/v2\/media?parent=1204"}],"wp:term":[{"taxonomy":"product_cat","embeddable":true,"href":"https:\/\/amapolanature.site\/index.php\/wp-json\/wp\/v2\/product_cat?post=1204"},{"taxonomy":"product_tag","embeddable":true,"href":"https:\/\/amapolanature.site\/index.php\/wp-json\/wp\/v2\/product_tag?post=1204"}],"curies":[{"name":"wp","href":"https:\/\/api.w.org\/{rel}","templated":true}]}}